{"id":1163,"date":"2025-02-14T12:01:31","date_gmt":"2025-02-14T11:01:31","guid":{"rendered":"https:\/\/www.angelparkoosbachtal.de\/wordpress\/?page_id=1163"},"modified":"2025-07-07T10:28:44","modified_gmt":"2025-07-07T08:28:44","slug":"1163-2","status":"publish","type":"page","link":"https:\/\/www.angelparkoosbachtal.de\/wordpress\/?page_id=1163","title":{"rendered":"Allgemeine Infos"},"content":{"rendered":"\n<p><span style=\"color: #008000;\"><strong>Grunds\u00e4tzliche Information f\u00fcr H\u00fctteng\u00e4ste:<\/strong><\/span><\/p>\n\n\n\n<p>Aus Tierschutzgr\u00fcnden ist eine Nutzung des Setzkeschers ab sofort verboten.<\/p>\n\n\n\n<p>Das Angeln mit Teig jeglicher Art ist im Sinne eines nachhaltigen Umgangs mit dem Gew\u00e4sser bzw. zur Vermeidung einer Gew\u00e4sserbelastung durch Mikroplastik untersagt.<\/p>\n\n\n\n<p><strong>H\u00fctteninfo:<\/strong><br>Wichtig: Bettw\u00e4sche wie und Kopfkissen und Decke\/Schlafsack sowie ein Matratzen\u00fcberzug sowie entsprechende andere \u00dcberz\u00fcge m\u00fcssen mitgebracht werden!<br>H\u00fcttenausstattung: Grillplatz (Dreibein mit Rost u. Feuerschale)\/Heizl\u00fcfter\/Strom (Steckdosen: Au\u00dfen und Innen) vorhanden. Es k\u00f6nnen alle Elektroger\u00e4te, wie zuhause \u00fcblich, angeschlossen werden.<\/p>\n\n\n\n<p>Das Mitbringen von Bier (Kistenware) ist erlaubt! Kann aber auch vor Ort gekauft werden.<br>Anreisen f\u00fcr H\u00fctten Check In ist erst ab 12 Uhr m\u00f6glich!!! Das Betreten der Anlage ist vor 12 Uhr untersagt um allen G\u00e4sten ihre Ruhe zu gew\u00e4hren!!!<\/p>\n\n\n\n<p>Am Abreisetag m\u00fcssen die H\u00fctten bis sp\u00e4testens 11 Uhr Besenrein ger\u00e4umt sein und das Angeln ist ebenfalls bis dahin einzustellen!!!<\/p>\n\n\n\n<p><strong>Nichtangler:<\/strong><br>Angeln nur mit g\u00fcltigem Fischereischein. Nichtangler d\u00fcrfen gerne mitbekommen aber nicht angeln und m\u00fcssen den normalen Tarif voll bezahlen.<br>Beispiel 1: 1 Angler und 1 Nichtangler: Besatz ist f\u00fcr zwei Personen. Ruten sind \u00fcbertragbar, d.h. eine Person (nur Angler) darf mit 4 Ruten angeln.<br>Beispiel 2: 2 Angler und 1 Nichtangler: Besatz ist f\u00fcr drei Personen. Ruten sind \u00fcbertragbar, d.h. zwei Personen (nur Angler) d\u00fcrfen mit 3 Ruten angeln.<\/p>\n\n\n\n<p><strong>Nichtangler &#8211; Ehepartner:<\/strong><br>Es gibt f\u00fcr (Ehe-)Partner den Partnertarif (60 EUR f\u00fcr 24h \/\/ 120 EUR f\u00fcr 48h) f\u00fcr die reine \u00dcbernachtung inkl. Fr\u00fchst\u00fcck ohne Angelkarte. Einfach bei der Anreise vor Ort ansprechen.<\/p>\n\n\n\n<p><strong>Hunde:<\/strong><br>Hunde sind grunds\u00e4tzlich erlaubt, solange diese sozial vertr\u00e4glich sind und andere Angler nicht gest\u00f6rt werden. Hunde m\u00fcssen an der Leine gef\u00fchrt werden. Eine Reinigungspauschale von einmalig 10\u20ac wird f\u00fcr den Aufenthalt notwendig.<\/p>\n\n\n\n<p><strong>Fliegenfischen:<\/strong><br>Fliegenfischen ist grunds\u00e4tzlich erlaubt, solange durch die Aus\u00fcbung keine anderen Angler gest\u00f6rt werden bzw. der Platzbedarf ein ungest\u00f6rtes Fliegenfischen zul\u00e4sst.<\/p>\n\n\n\n<p><strong>Kinder und Jugendliche:<\/strong><br>Wir haben H\u00fctten f\u00fcr 2-6 Personen. Kinder bis 11 Jahre sind erm\u00e4\u00dfigt, siehe Preise! Kinder und Jugendliche sind grunds\u00e4tzlich von den entsprechenden Aufsichtspersonen zu beaufsichtigen!<\/p>\n\n\n\n<p><strong>Besatz:<\/strong><br>Immer morgens und mittags, 5kg am Tag pro Angler. Ganzj\u00e4hriger Besatz von Lachsforellen von 800 &#8211; 1500 Gramm.<br>Da wir ganzj\u00e4hrig einen kalten Frischwasserzulauf haben, k\u00f6nnen wir ganzj\u00e4hrig, auch im Hochsommer, gro\u00dfe Lachsforellen einsetzen. Daher entf\u00e4llt die Notwendigkeit von einem Ersatzbesatz von St\u00f6r oder Afrowels (wie bei anderen Anlagen \u00fcblich).<\/p>\n\n\n\n<p><strong>Schlachtplatz:<\/strong><br>Am Schlachtplatz k\u00f6nnen die gefangen Fische ausgenommen und die Innereien entsorgt werden. Ein Filetierbrett und Reinigungsutensilien stehen zu Verf\u00fcgen. Die Schlachtbank ist nach jeder Nutzung zu reinigen! Wir bitten keine Wasserverschwendung zu betreiben, da aus allen Wasserkr\u00e4nen Trinkwasser l\u00e4uft! Neben der Schlachtbank befindet sich ein Alubecken, dieses ist ausschlie\u00dflich f\u00fcr den Abwasch von Geschirr zu benutzen!<\/p>\n\n\n\n<p><strong>Gefrierschr\u00e4nke:<\/strong><br>Nutzung nur f\u00fcr den gefangenen Fisch, zentral am Schlachtplatz gelegen. Tipp: bringt euer eigens Vakuum Ger\u00e4t und T\u00fcten mit, so k\u00f6nnt ihr euren Fang direkt am Schlachtplatz verarbeiten und verpacken!<\/p>\n\n\n\n<p><strong>Fangbegrenzung:<\/strong><br>Keine Fangbegrenzung auf Forellen! Alle anderen Fischarten wie z.B. St\u00f6r, Karpfen\u2026 sind ganzj\u00e4hrig geschont und d\u00fcrfen nicht gezielt benagelt werden!<\/p>\n\n\n\n<p><strong>Sauberkeit Angelpl\u00e4tze\/Haken im H\u00fcttenbereich:<\/strong><br>Angelpl\u00e4tze\/Angelstrecken\/H\u00fcttenbereiche sind sauber zu halten. Zigarettenkippen, jeglicher M\u00fcll, abgeschnittene Angelschn\u00fcre und Per\u00fccken sowie auf dem Boden herumliegende Haken sind unverz\u00fcglich in den daf\u00fcr vorgesehenen M\u00fclltonnen zu entsorgen bzw. in entsprechenden verschlossenen Beh\u00e4ltern zu lagern.<br>Ein Aufpinnen\/Aufstecken von Hakenmontagen im Holz der H\u00fctten (Veranda\/T\u00fcren\/Fenster\/Au\u00dfenw\u00e4nde) oder Sitzgelegenheiten ist grunds\u00e4tzlich verboten. Ferner besteht hierdurch ein erhebliches Verletzungsrisiko im Zuge der nachgelagerten Reinigungsarbeiten f\u00fcr das Personal und Mitarbeiter.<br>Durch achtlos herumliegende Schn\u00fcre und Haken k\u00f6nnen Wildv\u00f6gel durch herunterschlucken elendig verenden. Daher gilt in dieser Hinsicht eine Nulltoleranzpolitik. Reinigungsentgelder\/Strafzahlungen k\u00f6nnen bei Verst\u00f6\u00dfen gegen die Sauberkeit unverz\u00fcglich erhoben werden.<\/p>\n\n\n\n<p><strong>Angeln:<\/strong><br>Nur mit g\u00fcltigem Fischereischein, 2 Ruten pro Person Erwachsener Angler \/ Kinder mit Jugendfischerschein d\u00fcrfen nur mit 1er Rute fischen.<\/p>\n\n\n\n<p><strong>Angelk\u00f6der:<br><\/strong>Alle g\u00e4ngigen Forellenk\u00f6der (au\u00dfer Forellenteig jeglicher Art\/ au\u00dfer Trout- oder Marschmallows) wie Kunst- und Naturk\u00f6der d\u00fcrfen genutzt werden, aber nur mit einem Einzelhaken.<br>Das Angeln mit <strong>Teig jeglicher Art (einschlie\u00dflich Marschmallows\/Troutmallows, Zus\u00e4tze wie Aroma- \u00d6l- oder Spray \u2013 wie Kadaver, Glitterzus\u00e4tze)<\/strong> jeglicher Art ist im Sinne eines nachhaltigen Umgangs mit dem Gew\u00e4sser bzw. zur Vermeidung einer Gew\u00e4sserbelastung durch Mikroplastik <strong>untersagt<\/strong>.<br>Marschmallows (ohne k\u00fcnstliche Zus\u00e4tze!) aus dem Lebensmittelgesch\u00e4ft sowie das Angeln mit selbst hergestelltem Teig aus Brot oder Kartoffelst\u00e4rke (auch ohne k\u00fcnstliche Zus\u00e4tze) ist ebenfalls untersagt.<br><strong>Lebendk\u00f6der<\/strong> (Bienenmaden) bieten wir wegen der geringen Nachfrage nicht mehr an.<br><strong>Lebendk\u00f6der<\/strong> wie Bienenmaden, normale Maden, M\u00fchlw\u00fcrmer bzw. <strong>echte Riesenmehlw\u00fcrmer (Tenebrio molitor)<\/strong> und Tauw\u00fcrmer bzw. Dendrobena sind erlaubt.<br><strong><mark>Achtung:<\/mark> <\/strong>Das Mitbringen von Lebendk\u00f6der aus Terraristikshops wie Wander- oder W\u00fcstenheuschrecken (oder andere nicht-heimische Insektenarten) sowie Zophobas morio \u2013Schwarzk\u00e4ferlarven (oft auch f\u00e4lschlicherweise als Riesenmehlwurm bezeichnet) ist grunds\u00e4tzlich verboten und kann zus\u00e4tzliche rechtliche Konsequenzen unter dem Tatbestand \u201eEinf\u00fchren von nicht-einheimischen Arten\u201c nach sich ziehen! <strong>Libra Lures<\/strong> (Gummiw\u00fcrmer mit K\u00e4segeschmack) und <strong>Spoons<\/strong> vor Ort erh\u00e4ltlich.<br>Anf\u00fctterten ist nicht erlaubt!<\/p>\n\n\n\n<p><strong>Setzkescher:<\/strong><br>Das Benutzen eines Setzkeschers ist aus Tierschutzgr\u00fcnden ab sofort untersagt.<\/p>\n\n\n\n<p>Begr\u00fcndung: F\u00fcr die Verwendung eines Setzkeschers muss laut geltender Gesetzeslage des Tierschutzgesetzes ein vern\u00fcnftiger Grund vorliegen. Dieser beinhaltet den Schutz vor Verderb eines hochwertigen Nahrungsmittels sowie eine Dauer der H\u00e4lterung von maximal 4 Stunden. Dieser liegt f\u00fcr diese Anlage grunds\u00e4tzlich nicht vor. M\u00f6glichkeiten zur Verwendung einer K\u00fchlbox (auch elektrisch durch vorhandene Au\u00dfensteckdosen im H\u00fcttenbereich), vorhandener Schlachtplatz und bereitgestellte Gefrierschr\u00e4nke in unmittelbarer N\u00e4he zu den Angelpl\u00e4tzen erm\u00f6glichen eine zeitnahe und direkte Verarbeitung des Fangfisches vor Ort und widersprechen somit der Verwendung des Setzkeschers.<\/p>\n\n\n\n<p><strong>Regelverst\u00f6\u00dfe:<\/strong><br>Wer gegen unsere Regeln verst\u00f6\u00dft wird von der Anlage verwiesen (keine Erstattung von bereits get\u00e4tigten Zahlungen).<br>Verst\u00f6\u00dfe sind:<\/p>\n\n\n\n<ul class=\"wp-block-list\">\n<li>Angeln mit nicht erlaubten Rutenmontagen (Zielfisch ist nur Forelle!)<\/li>\n\n\n\n<li>\u00dcberschreiten der zul\u00e4ssigen Rutenanzahl, es wird mit zus\u00e4tzl. Ruten geangelt als erlaubt<\/li>\n\n\n\n<li>Angeln an anderen nicht gebuchten Teichen oder Angelstrecken<\/li>\n\n\n\n<li>Angeln mit nicht erlaubten K\u00f6dern oder Zusatzmitteln<\/li>\n\n\n\n<li>Das Beangeln oder T\u00f6ten von gesch\u00fctzten oder geschonten Fischarten f\u00fchrt zu einer Geldstrafe und einer polizeilichen Anzeige!<\/li>\n<\/ul>\n","protected":false},"excerpt":{"rendered":"<p>Grunds\u00e4tzliche Information f\u00fcr H\u00fctteng\u00e4ste: Aus Tierschutzgr\u00fcnden ist eine Nutzung des Setzkeschers ab sofort verboten. Das Angeln mit Teig jeglicher Art ist im Sinne eines nachhaltigen Umgangs mit dem Gew\u00e4sser bzw. zur Vermeidung einer Gew\u00e4sserbelastung durch&hellip; <a href=\"https:\/\/www.angelparkoosbachtal.de\/wordpress\/?page_id=1163\">Mehr<\/a><\/p>\n","protected":false},"author":1,"featured_media":0,"parent":0,"menu_order":0,"comment_status":"closed","ping_status":"closed","template":"","meta":{"footnotes":""},"class_list":["post-1163","page","type-page","status-publish","hentry"],"_links":{"self":[{"href":"https:\/\/www.angelparkoosbachtal.de\/wordpress\/index.php?rest_route=\/wp\/v2\/pages\/1163","targetHints":{"allow":["GET"]}}],"collection":[{"href":"https:\/\/www.angelparkoosbachtal.de\/wordpress\/index.php?rest_route=\/wp\/v2\/pages"}],"about":[{"href":"https:\/\/www.angelparkoosbachtal.de\/wordpress\/index.php?rest_route=\/wp\/v2\/types\/page"}],"author":[{"embeddable":true,"href":"https:\/\/www.angelparkoosbachtal.de\/wordpress\/index.php?rest_route=\/wp\/v2\/users\/1"}],"replies":[{"embeddable":true,"href":"https:\/\/www.angelparkoosbachtal.de\/wordpress\/index.php?rest_route=%2Fwp%2Fv2%2Fcomments&post=1163"}],"version-history":[{"count":9,"href":"https:\/\/www.angelparkoosbachtal.de\/wordpress\/index.php?rest_route=\/wp\/v2\/pages\/1163\/revisions"}],"predecessor-version":[{"id":1301,"href":"https:\/\/www.angelparkoosbachtal.de\/wordpress\/index.php?rest_route=\/wp\/v2\/pages\/1163\/revisions\/1301"}],"wp:attachment":[{"href":"https:\/\/www.angelparkoosbachtal.de\/wordpress\/index.php?rest_route=%2Fwp%2Fv2%2Fmedia&parent=1163"}],"curies":[{"name":"wp","href":"https:\/\/api.w.org\/{rel}","templated":true}]}}