{"id":18,"date":"2018-01-08T15:33:06","date_gmt":"2018-01-08T14:33:06","guid":{"rendered":"http:\/\/www.angelparkoosbachtal.de\/wordpress\/?page_id=18"},"modified":"2026-01-27T10:16:39","modified_gmt":"2026-01-27T09:16:39","slug":"kontakt","status":"publish","type":"page","link":"https:\/\/www.angelparkoosbachtal.de\/wordpress\/?page_id=18","title":{"rendered":"Kontakt"},"content":{"rendered":"\n<h3 class=\"wp-block-heading widget-title\">Hier sind wir\u2026<\/h3>\n\n\n\n<div class=\"textwidget\">\n<p><strong>Angelpark Oosbachtal<\/strong><br \/>Schauerbachstra\u00dfe<br \/>54568 Gerolstein<\/p>\n<p>Kontakt <strong>NUR<\/strong> \u00fcber WhatsAPP <a href=\"https:\/\/wa.me\/4915157901231\"><span style=\"color: #008000;\">+49 151 &#8211; 57901231<\/span><\/a> als Text- oder Sprachnachricht!<br \/><br \/>Anrufe per Telefon \u00fcber das normale Mobilfunknetz k\u00f6nnen wegen der schlechten Netzabdeckung (Funkl\u00f6cher) und wegen der geringen Sprachqualit\u00e4t nicht entgegen genommen werden!<\/p>\n<p>&#8212;&#8212;&#8212;&#8212;&#8212;&#8212;&#8212;&#8212;&#8212;&#8212;&#8212;&#8212;&#8212;&#8212;&#8212;&#8212;&#8212;&#8212;&#8212;-<br \/><b><br \/>\u00d6ffnungszeiten \/ Nur f\u00fcr H\u00fcttenangler<\/b><\/p>\n<p>Dezember: Geschlossen<br \/>Januar: Geschlossen<br \/>Februar: Geschlossen<br \/>M\u00e4rz \u2013 November: Ge\u00f6ffnet<\/p>\n<p>Die Anlage darf am Anreisetag erst nach Voranmeldung im Haupthaus betreten werden. Check-In und Bezug der H\u00fctten ist erst ab 12 Uhr m\u00f6glich! Das Betreten der Anlage ohne Voranmeldung ist vor 12 Uhr untersagt um allen G\u00e4sten ihre Ruhe zu gew\u00e4hren!<\/p>\n<p>Am Abreisetag m\u00fcssen die H\u00fctten bis sp\u00e4testens 11.00 Uhr besenrein ger\u00e4umt sein und das Angeln ist ebenfalls bis dahin einzustellen!<\/p>\n<p style=\"background-color: #690000; color: #ffffff; padding: 5px; text-align: center;\">ANGELN NUR MIT G\u00dcLTIGEM FISCHEREISCHEIN!<\/p>\n<\/div>\n\n\n\n<p><b><br>Anfahrt<br><\/b><\/p>\n\n\n\n<p>Routenplaner: <small><a href=\"https:\/\/www.openstreetmap.org\/directions?from=&amp;to=50.22562%2C6.63427\" target=\"_blank\" rel=\"noopener\">Route planen<\/a><\/small><\/p>\n\n\n\n<p><iframe loading=\"lazy\" style=\"border: 1px solid black;\" src=\"https:\/\/www.openstreetmap.org\/export\/embed.html?bbox=6.626247167587281%2C50.22276719234204%2C6.642233133316041%2C50.22814168035627&amp;layer=cyclemap&amp;marker=50.225454512053545%2C6.63424015045166\" width=\"100%\" height=\"350\" frameborder=\"0\" marginwidth=\"0\" marginheight=\"0\" scrolling=\"no\"><\/iframe><\/p>\n","protected":false},"excerpt":{"rendered":"<p>Hier sind wir\u2026 Angelpark OosbachtalSchauerbachstra\u00dfe54568 Gerolstein Kontakt NUR \u00fcber WhatsAPP +49 151 &#8211; 57901231 als Text- oder Sprachnachricht! Anrufe per Telefon \u00fcber das normale Mobilfunknetz k\u00f6nnen wegen der schlechten Netzabdeckung (Funkl\u00f6cher) und wegen der geringen&hellip; <a href=\"https:\/\/www.angelparkoosbachtal.de\/wordpress\/?page_id=18\">Mehr<\/a><\/p>\n","protected":false},"author":1,"featured_media":0,"parent":0,"menu_order":0,"comment_status":"closed","ping_status":"closed","template":"","meta":{"footnotes":""},"class_list":["post-18","page","type-page","status-publish","hentry"],"_links":{"self":[{"href":"https:\/\/www.angelparkoosbachtal.de\/wordpress\/index.php?rest_route=\/wp\/v2\/pages\/18","targetHints":{"allow":["GET"]}}],"collection":[{"href":"https:\/\/www.angelparkoosbachtal.de\/wordpress\/index.php?rest_route=\/wp\/v2\/pages"}],"about":[{"href":"https:\/\/www.angelparkoosbachtal.de\/wordpress\/index.php?rest_route=\/wp\/v2\/types\/page"}],"author":[{"embeddable":true,"href":"https:\/\/www.angelparkoosbachtal.de\/wordpress\/index.php?rest_route=\/wp\/v2\/users\/1"}],"replies":[{"embeddable":true,"href":"https:\/\/www.angelparkoosbachtal.de\/wordpress\/index.php?rest_route=%2Fwp%2Fv2%2Fcomments&post=18"}],"version-history":[{"count":75,"href":"https:\/\/www.angelparkoosbachtal.de\/wordpress\/index.php?rest_route=\/wp\/v2\/pages\/18\/revisions"}],"predecessor-version":[{"id":1327,"href":"https:\/\/www.angelparkoosbachtal.de\/wordpress\/index.php?rest_route=\/wp\/v2\/pages\/18\/revisions\/1327"}],"wp:attachment":[{"href":"https:\/\/www.angelparkoosbachtal.de\/wordpress\/index.php?rest_route=%2Fwp%2Fv2%2Fmedia&parent=18"}],"curies":[{"name":"wp","href":"https:\/\/api.w.org\/{rel}","templated":true}]}}