{"id":304,"date":"2018-02-27T14:28:23","date_gmt":"2018-02-27T13:28:23","guid":{"rendered":"http:\/\/www.angelparkoosbachtal.de\/wordpress\/?page_id=304"},"modified":"2025-04-08T10:58:40","modified_gmt":"2025-04-08T08:58:40","slug":"preise","status":"publish","type":"page","link":"https:\/\/www.angelparkoosbachtal.de\/wordpress\/?page_id=304","title":{"rendered":"H\u00fctten Preise 2025"},"content":{"rendered":"\n<figure class=\"wp-block-table is-style-stripes\"><table class=\"has-fixed-layout\"><tbody><tr><td>Inkl. 5 Kg Fischbesatz pro Tag pro Angler.<\/td><td>&nbsp;<\/td><\/tr><tr><td><span style=\"font-size: 18pt;\">24 Std.<\/span><br><span style=\"font-size: 12pt;\">(inkl. \u00dcN und Fr\u00fchst\u00fcck \/ Schwedenh\u00fctte)<\/span><\/td><td><strong style=\"font-size: 15.3px;\"><span style=\"font-size: 18pt;\">125,- \u20ac<br><\/span><\/strong><span style=\"font-size: 18pt;\"><span style=\"font-size: 12pt;\">pro Person Erwachsener<\/span><\/span><\/td><\/tr><tr><td>&nbsp;<\/td><td>Kind 5 -7 \/ 50,- \u20ac<br><br>Kind 8 -11 \/ 80,- \u20ac<\/td><\/tr><tr><td><span style=\"font-size: 18pt;\">&nbsp;<\/span><\/td><td><strong style=\"font-size: 15.3px;\"><span style=\"font-size: 18pt;\">&nbsp;<\/span><\/strong><\/td><\/tr><tr><td><span style=\"font-size: 18pt;\">48 Std.<br><span style=\"font-size: 12pt;\">(inkl. \u00dcN und Fr\u00fchst\u00fcck \/ Schwedenh\u00fctte)<\/span><br><\/span><\/td><td><strong style=\"font-size: 15.3px;\"><span style=\"font-size: 18pt;\">230,-\u20ac<br><\/span><\/strong><span style=\"font-size: 18pt;\"><span style=\"font-size: 12pt;\">pro Person Erwachsener<br><\/span><\/span><\/td><\/tr><tr><td><span style=\"font-size: 18pt;\">&nbsp;<\/span><\/td><td><span style=\"font-size: 18pt;\"><span style=\"font-size: 12pt;\">jeder weitere Tag 115,- \u20ac<\/span><\/span><br><span style=\"font-size: 18pt;\"><span style=\"font-size: 12pt;\">Kind 5 -7 \/ 80,- \u20ac<\/span><\/span> \/ jeder weitere Tag 40,- \u20ac<span style=\"font-size: 18pt;\"><span style=\"font-size: 12pt;\"><br>Kind 8 -11 \/ 140,- \u20ac<\/span><\/span> \/ jeder weitere Tag 70,- \u20ac<\/td><\/tr><\/tbody><\/table><\/figure>\n\n\n\n<p><strong>Nichtangler &#8211; Ehepartner:<\/strong><br>Es gibt f\u00fcr (Ehe-)Partner den Partnertarif (<strong>60,- \u20ac\/24h<\/strong> \/\/ <strong>120,- \u20ac\/48h<\/strong> f\u00fcr reine \u00dcbernachtung inkl. Fr\u00fchst\u00fcck ohne Angelkarte). Einfach bei der Anreise ansprechen.<\/p>\n\n\n\n<p><span style=\"background-color: #800000; color: #ffffff;\"><strong>&nbsp;Angeln NUR mit g\u00fcltigem Fischereischein!&nbsp;<\/strong><\/span><\/p>\n","protected":false},"excerpt":{"rendered":"<p>Inkl. 5 Kg Fischbesatz pro Tag pro Angler. &nbsp; 24 Std.(inkl. \u00dcN und Fr\u00fchst\u00fcck \/ Schwedenh\u00fctte) 125,- \u20acpro Person Erwachsener &nbsp; Kind 5 -7 \/ 50,- \u20ac Kind 8 -11 \/ 80,- \u20ac &nbsp; &nbsp;&hellip; <a href=\"https:\/\/www.angelparkoosbachtal.de\/wordpress\/?page_id=304\">Mehr<\/a><\/p>\n","protected":false},"author":1,"featured_media":0,"parent":0,"menu_order":0,"comment_status":"closed","ping_status":"closed","template":"","meta":{"footnotes":""},"class_list":["post-304","page","type-page","status-publish","hentry"],"_links":{"self":[{"href":"https:\/\/www.angelparkoosbachtal.de\/wordpress\/index.php?rest_route=\/wp\/v2\/pages\/304","targetHints":{"allow":["GET"]}}],"collection":[{"href":"https:\/\/www.angelparkoosbachtal.de\/wordpress\/index.php?rest_route=\/wp\/v2\/pages"}],"about":[{"href":"https:\/\/www.angelparkoosbachtal.de\/wordpress\/index.php?rest_route=\/wp\/v2\/types\/page"}],"author":[{"embeddable":true,"href":"https:\/\/www.angelparkoosbachtal.de\/wordpress\/index.php?rest_route=\/wp\/v2\/users\/1"}],"replies":[{"embeddable":true,"href":"https:\/\/www.angelparkoosbachtal.de\/wordpress\/index.php?rest_route=%2Fwp%2Fv2%2Fcomments&post=304"}],"version-history":[{"count":46,"href":"https:\/\/www.angelparkoosbachtal.de\/wordpress\/index.php?rest_route=\/wp\/v2\/pages\/304\/revisions"}],"predecessor-version":[{"id":1246,"href":"https:\/\/www.angelparkoosbachtal.de\/wordpress\/index.php?rest_route=\/wp\/v2\/pages\/304\/revisions\/1246"}],"wp:attachment":[{"href":"https:\/\/www.angelparkoosbachtal.de\/wordpress\/index.php?rest_route=%2Fwp%2Fv2%2Fmedia&parent=304"}],"curies":[{"name":"wp","href":"https:\/\/api.w.org\/{rel}","templated":true}]}}