{"id":416,"date":"2020-05-05T12:32:49","date_gmt":"2020-05-05T10:32:49","guid":{"rendered":"https:\/\/www.angelparkoosbachtal.de\/wordpress\/?page_id=416"},"modified":"2025-05-20T14:52:54","modified_gmt":"2025-05-20T12:52:54","slug":"willkommen-im-angelpark-oosbachtal","status":"publish","type":"page","link":"https:\/\/www.angelparkoosbachtal.de\/wordpress\/","title":{"rendered":"Willkommen im Angelpark Oosbachtal!"},"content":{"rendered":"\n<table style=\"width: 100%; border-collapse: collapse; border-color: #ffffff; background-color: #007a2f; height: 23px;\" cellpadding=\"4\">\n<tbody>\n<tr style=\"height: 23px;\">\n<td style=\"width: 100%; text-align: center; height: 23px;\"><span style=\"color: #ffffff;\">Deutschlands 1. Angelpark nur f\u00fcr H\u00fctteng\u00e4ste. Mehr Ruhe und Freiheit geht nicht!<\/span><\/td>\n<\/tr>\n<\/tbody>\n<\/table>\n\n\n\n<table style=\"width: 100%; border-collapse: collapse; border-color: #ff0000; background-color: #ebebeb;\" cellpadding=\"4\">\n<tbody>\n<tr>\n<td style=\"width: 100%; text-align: center;\"><strong>!!! Angeln NUR mit g\u00fcltigem Fischerreischein !!!<\/strong><\/td>\n<\/tr>\n<\/tbody>\n<\/table>\n\n\n\n<p><strong>Liebe Angelsportfreunde<\/strong>,<br><br>Inmitten sch\u00f6nster Natur, <strong>im Herzen der Vulkaneifel<\/strong>, liegt der \u201e<strong>Angelpark Oosbachtal<\/strong>\u201c. Mit drei Teichen <strong>mit insgesamt 2 Hektar Wasserfl\u00e4che<\/strong>.<br><br>Die Anlage wird mit sauerstoffreichem Wasser aus dem Oosbach gespeist. Die stete und kalte Wasserzirkulation erm\u00f6glicht eine gleichbleibend ganzj\u00e4hrig gute&nbsp;Wasserqualit\u00e4t. Dies garantiert auch in hei\u00dfen Sommermonaten einen gesunden und lebhaften Fisch. Haupts\u00e4chlicher Besatz- und Zielfisch sind Lachsforellen von 800 gr. bis hin zu 1,5 kg und dies das ganze Jahr hindurch\u2026auch im Sommer! Bei Events oder als Sonderwunsch werden auch gr\u00f6\u00dfere Exemplare sowie Exoten besetzt.<br><br>Hier kann man nicht nur ungest\u00f6rt angeln, sondern auch komfortabel \u00fcbernachten. Gut ausgestattete Schwedenh\u00fctten (alle mit Heizung und eigenem Stromverteiler) bieten dem Angler einen besonderen Charme und alles was f\u00fcr eine \u00dcbernachtung mitten in der Natur ben\u00f6tigt wird. In dieser Wohlf\u00fchlatmosph\u00e4re beginnt der Tag mit einem Fr\u00fchst\u00fcck direkt am Wasser. F\u00fcr die weitere Selbstverpflegung stehen die h\u00fctteneigenen Grillpl\u00e4tze sowie ein Angebot verschiedener Lieferdienste zur Verf\u00fcgung. Separate Angelstrecken lassen den Trubel und die Hektik des Alltags vergessen.<\/p>\n\n\n\n\n\n<div class=\"wp-block-media-text is-stacked-on-mobile is-vertically-aligned-top\"><figure class=\"wp-block-media-text__media\"><video controls src=\"https:\/\/www.angelparkoosbachtal.de\/wordpress\/wp-content\/uploads\/2025\/02\/angelpark_oosbachtal_sm.mp4\"><\/video><\/figure><div class=\"wp-block-media-text__content\">\n<p>Es lohnt sich also, den Angelpark nicht nur f\u00fcr eine Nacht zu buchen. Hier verbringt man am besten ein Wochenende oder einen l\u00e4ngeren Angelurlaub.<\/p>\n\n\n\n<p>Die idyllische Lage und der naturbelassene Angelpark schaffen ein Wohlf\u00fchlklima in famili\u00e4rer Atmosph\u00e4re. Wir w\u00fcrden uns freuen, Euch bald begr\u00fc\u00dfen zu d\u00fcrfen und die Begeisterung f\u00fcr das Angeln im Oosbachtal zu wecken. Petri Heil!<\/p>\n<\/div><\/div>\n","protected":false},"excerpt":{"rendered":"<p>Deutschlands 1. Angelpark nur f\u00fcr H\u00fctteng\u00e4ste. Mehr Ruhe und Freiheit geht nicht! !!! Angeln NUR mit g\u00fcltigem Fischerreischein !!! Liebe Angelsportfreunde, Inmitten sch\u00f6nster Natur, im Herzen der Vulkaneifel, liegt der \u201eAngelpark Oosbachtal\u201c. Mit drei Teichen&hellip; <a href=\"https:\/\/www.angelparkoosbachtal.de\/wordpress\/\">Mehr<\/a><\/p>\n","protected":false},"author":1,"featured_media":0,"parent":0,"menu_order":0,"comment_status":"closed","ping_status":"closed","template":"","meta":{"footnotes":""},"class_list":["post-416","page","type-page","status-publish","hentry"],"_links":{"self":[{"href":"https:\/\/www.angelparkoosbachtal.de\/wordpress\/index.php?rest_route=\/wp\/v2\/pages\/416","targetHints":{"allow":["GET"]}}],"collection":[{"href":"https:\/\/www.angelparkoosbachtal.de\/wordpress\/index.php?rest_route=\/wp\/v2\/pages"}],"about":[{"href":"https:\/\/www.angelparkoosbachtal.de\/wordpress\/index.php?rest_route=\/wp\/v2\/types\/page"}],"author":[{"embeddable":true,"href":"https:\/\/www.angelparkoosbachtal.de\/wordpress\/index.php?rest_route=\/wp\/v2\/users\/1"}],"replies":[{"embeddable":true,"href":"https:\/\/www.angelparkoosbachtal.de\/wordpress\/index.php?rest_route=%2Fwp%2Fv2%2Fcomments&post=416"}],"version-history":[{"count":50,"href":"https:\/\/www.angelparkoosbachtal.de\/wordpress\/index.php?rest_route=\/wp\/v2\/pages\/416\/revisions"}],"predecessor-version":[{"id":1280,"href":"https:\/\/www.angelparkoosbachtal.de\/wordpress\/index.php?rest_route=\/wp\/v2\/pages\/416\/revisions\/1280"}],"wp:attachment":[{"href":"https:\/\/www.angelparkoosbachtal.de\/wordpress\/index.php?rest_route=%2Fwp%2Fv2%2Fmedia&parent=416"}],"curies":[{"name":"wp","href":"https:\/\/api.w.org\/{rel}","templated":true}]}}